{"id":144,"date":"2017-06-01T14:30:56","date_gmt":"2017-06-01T14:30:56","guid":{"rendered":"https:\/\/rudniksrece.hr\/?page_id=144"},"modified":"2024-02-20T15:02:32","modified_gmt":"2024-02-20T15:02:32","slug":"kontakt","status":"publish","type":"page","link":"https:\/\/rudniksrece.hr\/index.php\/kontakt\/","title":{"rendered":"Kontakt"},"content":{"rendered":"<section class=\"wpb-content-wrapper\"><p>[vc_row full_width=&#8221;stretch_row&#8221; css=&#8221;.vc_custom_1499157152807{background-image: url(https:\/\/rudniksrece.hr\/wp-content\/uploads\/2017\/06\/bg-style-1.png?id=434) !important;background-position: 0 0 !important;background-repeat: repeat !important;}&#8221;][vc_column][vc_empty_space height=&#8221;3em&#8221; alter_height=&#8221;none&#8221; hide_on_mobile=&#8221;1&#8243;][vc_empty_space height=&#8221;4.7em&#8221; alter_height=&#8221;none&#8221; hide_on_mobile=&#8221;&#8221;][vc_row_inner][vc_column_inner width=&#8221;5\/12&#8243;]<div id=\"sc_googlemap_1482430383_wrap\" class=\"sc_googlemap_wrap\"><div id=\"sc_googlemap_1482430383\"\n\t\t\tclass=\"sc_googlemap sc_googlemap_default extra-circle\"\n\t\t\t\t\t\tdata-zoom=\"16\"\n\t\t\tdata-style=\"extra\"\n\t\t\tdata-cluster-icon=\"\"\n        ><iframe\n                    src=\"https:\/\/maps.google.com\/maps?t=m&output=embed&iwloc=near&z=16&q=Velika+Gorica%2C+Andrije+Ka%C4%8Di%C4%87a+Mio%C5%A1i%C4%87a+60\"\n                    scrolling=\"no\"\n                    marginheight=\"0\"\n                    marginwidth=\"0\"\n                    frameborder=\"0\"\n                    aria-label=\"\"><\/iframe><\/div><\/div><!-- \/.sc_googlemap_wrap -->[vc_empty_space height=&#8221;3em&#8221; alter_height=&#8221;none&#8221; hide_on_mobile=&#8221;&#8221;][\/vc_column_inner][vc_column_inner width=&#8221;1\/12&#8243;][\/vc_column_inner][vc_column_inner width=&#8221;6\/12&#8243;]<div id=\"sc_title_698465990\"\n\t\tclass=\"sc_title color_style_default sc_title_extra go-left\"><h3 class=\"sc_item_title sc_title_title sc_align_left sc_item_title_style_extra\">Po\u0161aljite upit<\/h3><\/div><!-- \/.sc_title -->[vc_empty_space height=&#8221;2em&#8221; alter_height=&#8221;none&#8221; hide_on_mobile=&#8221;&#8221;][vc_empty_space height=&#8221;0.6em&#8221; alter_height=&#8221;none&#8221; hide_on_mobile=&#8221;1&#8243;]<div id=\"sc_content_1586604038\"\n\t\tclass=\"sc_content color_style_default sc_content_default sc_float_left sc_content_width_80p\"><div class=\"sc_content_container\">[vc_column_text]Ovdje mo\u017eete poslati svoj upit ili dogovoriti termin[\/vc_column_text][vc_empty_space height=&#8221;2.2em&#8221; alter_height=&#8221;none&#8221; hide_on_mobile=&#8221;&#8221;][vc_column_text el_class=&#8221;contacts_info&#8221;]<span class=\"icon-envelope\">\u00a0<\/span><strong>E po\u0161ta: <\/strong>rudniksrece@gmail.com<\/p>\n<p><span class=\"icon-phone-symbol-of-an-auricular-with-circular-cord-around\">\u00a0<strong>Broj mobitela<\/strong><\/span><strong>: <\/strong>+385 97 6230016<\/p>\n<p><span class=\"icon-map-go\">\u00a0<strong>Velika Gorica, Andrije Ka\u010di\u0107a Mio\u0161i\u0107a 60<br \/>\nprvi kat lijevo<br \/>\n<\/strong><\/span>[\/vc_column_text]<\/div><\/div><!-- \/.sc_content -->[\/vc_column_inner][\/vc_row_inner][vc_empty_space height=&#8221;3em&#8221; alter_height=&#8221;none&#8221; hide_on_mobile=&#8221;1&#8243;][vc_empty_space height=&#8221;6em&#8221; alter_height=&#8221;none&#8221; hide_on_mobile=&#8221;&#8221;][\/vc_column][\/vc_row][vc_row full_width=&#8221;stretch_row_content_no_spaces&#8221;][vc_column]<div id=\"sc_line_1646269842\"\n\t\tclass=\"sc_line var_2 color_1 top\"><svg version=\"1.1\" xmlns=\"http:\/\/www.w3.org\/2000\/svg\" xmlns:xlink=\"http:\/\/www.w3.org\/1999\/xlink\" x=\"0px\" y=\"0px\"\n\t viewBox=\"0 0 1902.6 75\" style=\"enable-background:new 0 0 1902.6 75;\" xml:space=\"preserve\">\n<path class=\"color_1\" d=\"M221.9,75c2.5-3.6,4.9-7.2,7.4-10.8c-2.3,0.5-4.5,1.1-6.8,1.6c11.5-2.7,29.6-6.8,52.2-10.7c40-7,68.4-9.2,131.8-14.8\n\tc48.2-4.3,72.3-6.4,82.1-7.4C607.5,20.5,664.8,2.5,756.7,0c22.4-0.6,41.4-0.1,44.1,0c39.5,1.1,69.4,4.8,103.2,8.9\n\tc9,1.1,32.5,4.1,61,8.9c7.2,1.2,14.6,2.5,22.6,4c13.9,2.6,26.7,5.3,38.2,7.8c29.2,6.4,52.4,12.6,54.8,13.2\n\tc24.5,6.4,94.4,16.4,277.1,32.2c-192,1.8-384,2.6-576,2.6C595,77.6,408.5,76.7,221.9,75z\"\/>\n<path class=\"color_2\" d=\"M0,75c0-13,0-26,0-39c48.9-8.3,122.7-17.7,212.9-16.4c61.1,0.9,121.6,9.9,243,24.1c114.5,13.4,179,21,241.4,25\n\tc70.7,4.5,136.7,4.4,358.6-13c309.9-24.3,307.6-33.9,412.5-36.1c102.8-2.2,251.5,3.9,434.2,45.1c0,3.4,0,6.9,0,10.3\n\tc-608.1,0-1216.3,0-1824.4,0C52.1,75,26,75,0,75z\"\/>\n<\/svg><\/div>[\/vc_column][\/vc_row][vc_row full_width=&#8221;stretch_row&#8221; css=&#8221;.vc_custom_1499181865582{background: #ffb9cc url(https:\/\/rudniksrece.hr\/wp-content\/uploads\/2017\/06\/bg-style-2.png?id=464) !important;background-position: 0 0 !important;background-repeat: repeat !important;}&#8221;][vc_column width=&#8221;1\/6&#8243;][\/vc_column][vc_column width=&#8221;2\/3&#8243;][vc_empty_space height=&#8221;0.7em&#8221; alter_height=&#8221;none&#8221; hide_on_mobile=&#8221;1&#8243;][vc_empty_space height=&#8221;4em&#8221; alter_height=&#8221;none&#8221; hide_on_mobile=&#8221;&#8221;][vc_empty_space height=&#8221;3em&#8221; alter_height=&#8221;none&#8221; hide_on_mobile=&#8221;&#8221;]\n<div class=\"wpcf7 no-js\" id=\"wpcf7-f920-o1\" lang=\"en-US\" dir=\"ltr\">\n<div class=\"screen-reader-response\"><p role=\"status\" aria-live=\"polite\" aria-atomic=\"true\"><\/p> <ul><\/ul><\/div>\n<form action=\"\/index.php\/wp-json\/wp\/v2\/pages\/144#wpcf7-f920-o1\" method=\"post\" class=\"wpcf7-form init\" aria-label=\"Contact form\" novalidate=\"novalidate\" data-status=\"init\">\n<div style=\"display: none;\">\n<input type=\"hidden\" name=\"_wpcf7\" value=\"920\" \/>\n<input type=\"hidden\" name=\"_wpcf7_version\" value=\"5.8.6\" \/>\n<input type=\"hidden\" name=\"_wpcf7_locale\" value=\"en_US\" \/>\n<input type=\"hidden\" name=\"_wpcf7_unit_tag\" value=\"wpcf7-f920-o1\" \/>\n<input type=\"hidden\" name=\"_wpcf7_container_post\" value=\"0\" \/>\n<input type=\"hidden\" name=\"_wpcf7_posted_data_hash\" value=\"\" \/>\n<\/div>\n<div class=\"contact_us\">\n\t<div class=\"flex\">\n\t\t<div class='itm row'>\n\t\t\t<p><span class=\"wpcf7-form-control-wrap\" data-name=\"your-name\"><input size=\"40\" class=\"wpcf7-form-control wpcf7-text wpcf7-validates-as-required\" aria-required=\"true\" aria-invalid=\"false\" placeholder=\"Va\u0161e ime i prezime*\" value=\"\" type=\"text\" name=\"your-name\" \/><\/span>\n\t\t\t<\/p>\n\t\t<\/div>\n\t\t<div class='itm row'>\n\t\t\t<p><span class=\"wpcf7-form-control-wrap\" data-name=\"your-email\"><input size=\"40\" class=\"wpcf7-form-control wpcf7-email wpcf7-validates-as-required wpcf7-text wpcf7-validates-as-email\" aria-required=\"true\" aria-invalid=\"false\" placeholder=\"Va\u0161 e-mail*\" value=\"\" type=\"email\" name=\"your-email\" \/><\/span>\n\t\t\t<\/p>\n\t\t<\/div>\n\t<\/div>\n\t<div class=''>\n\t\t<p><span class=\"wpcf7-form-control-wrap\" data-name=\"your-message\"><textarea cols=\"40\" rows=\"10\" class=\"wpcf7-form-control wpcf7-textarea wpcf7-validates-as-required\" aria-required=\"true\" aria-invalid=\"false\" placeholder=\"Sadr\u017eaj upita*\" name=\"your-message\"><\/textarea><\/span>\n\t\t<\/p>\n\t<\/div>\n\t<div class='itm row'>\n\t\t<div class=\"antispam\">\n\t\t\t<p>Spam za\u0161tita: <span class=\"wpcf7-form-control-wrap\" data-name=\"quiz-844\"><label><span class=\"wpcf7-quiz-label\">1+4<\/span> <input size=\"40\" class=\"wpcf7-form-control wpcf7-quiz\" autocomplete=\"off\" aria-required=\"true\" aria-invalid=\"false\" type=\"text\" name=\"quiz-844\" \/><\/label><input type=\"hidden\" name=\"_wpcf7_quiz_answer_quiz-844\" value=\"8e20c3bcd4a4ad3519cf733c854cc4ce\" \/><\/span>\n\t\t\t<\/p>\n\t\t<\/div>\n\t<\/div>\n\t<div class=\"sc_form_field sc_form_field_button sc_form_field_submit\">\n\t\t<p><input class=\"wpcf7-form-control wpcf7-submit has-spinner\" type=\"submit\" value=\"Po\u0161alji upit\" \/>\n\t\t<\/p>\n\t<\/div>\n<\/div><div class=\"wpcf7-response-output\" aria-hidden=\"true\"><\/div>\n<\/form>\n<\/div>\n[vc_empty_space height=&#8221;4.5em&#8221; alter_height=&#8221;none&#8221; hide_on_mobile=&#8221;&#8221;][\/vc_column][vc_column width=&#8221;1\/6&#8243;][\/vc_column][\/vc_row]<\/p>\n<\/section>","protected":false},"excerpt":{"rendered":"<p>[vc_row full_width=&#8221;stretch_row&#8221; css=&#8221;.vc_custom_1499157152807{background-image: url(https:\/\/rudniksrece.hr\/wp-content\/uploads\/2017\/06\/bg-style-1.png?id=434) !important;background-position: 0 0 !important;background-repeat: repeat !important;}&#8221;][vc_column][vc_empty_space height=&#8221;3em&#8221; alter_height=&#8221;none&#8221; hide_on_mobile=&#8221;1&#8243;][vc_empty_space height=&#8221;4.7em&#8221; alter_height=&#8221;none&#8221; hide_on_mobile=&#8221;&#8221;][vc_row_inner][vc_column_inner width=&#8221;5\/12&#8243;][vc_empty_space height=&#8221;3em&#8221; alter_height=&#8221;none&#8221; hide_on_mobile=&#8221;&#8221;][\/vc_column_inner][vc_column_inner width=&#8221;1\/12&#8243;][\/vc_column_inner][vc_column_inner width=&#8221;6\/12&#8243;][vc_empty_space height=&#8221;2em&#8221; alter_height=&#8221;none&#8221; hide_on_mobile=&#8221;&#8221;][vc_empty_space height=&#8221;0.6em&#8221; alter_height=&#8221;none&#8221; hide_on_mobile=&#8221;1&#8243;][\/vc_column_inner][\/vc_row_inner][vc_empty_space height=&#8221;3em&#8221; alter_height=&#8221;none&#8221; hide_on_mobile=&#8221;1&#8243;][vc_empty_space height=&#8221;6em&#8221; alter_height=&#8221;none&#8221; hide_on_mobile=&#8221;&#8221;][\/vc_column][\/vc_row][vc_row full_width=&#8221;stretch_row_content_no_spaces&#8221;][vc_column][\/vc_column][\/vc_row][vc_row full_width=&#8221;stretch_row&#8221; css=&#8221;.vc_custom_1499181865582{background: #ffb9cc url(https:\/\/rudniksrece.hr\/wp-content\/uploads\/2017\/06\/bg-style-2.png?id=464) !important;background-position: 0 0 !important;background-repeat: repeat !important;}&#8221;][vc_column&hellip;<\/p>\n","protected":false},"author":1,"featured_media":0,"parent":0,"menu_order":0,"comment_status":"closed","ping_status":"closed","template":"","meta":{"footnotes":""},"_links":{"self":[{"href":"https:\/\/rudniksrece.hr\/index.php\/wp-json\/wp\/v2\/pages\/144"}],"collection":[{"href":"https:\/\/rudniksrece.hr\/index.php\/wp-json\/wp\/v2\/pages"}],"about":[{"href":"https:\/\/rudniksrece.hr\/index.php\/wp-json\/wp\/v2\/types\/page"}],"author":[{"embeddable":true,"href":"https:\/\/rudniksrece.hr\/index.php\/wp-json\/wp\/v2\/users\/1"}],"replies":[{"embeddable":true,"href":"https:\/\/rudniksrece.hr\/index.php\/wp-json\/wp\/v2\/comments?post=144"}],"version-history":[{"count":9,"href":"https:\/\/rudniksrece.hr\/index.php\/wp-json\/wp\/v2\/pages\/144\/revisions"}],"predecessor-version":[{"id":1305,"href":"https:\/\/rudniksrece.hr\/index.php\/wp-json\/wp\/v2\/pages\/144\/revisions\/1305"}],"wp:attachment":[{"href":"https:\/\/rudniksrece.hr\/index.php\/wp-json\/wp\/v2\/media?parent=144"}],"curies":[{"name":"wp","href":"https:\/\/api.w.org\/{rel}","templated":true}]}}